{"id":1453,"date":"2021-04-01T11:12:41","date_gmt":"2021-04-01T11:12:41","guid":{"rendered":"https:\/\/fastapp.ecowes.ro\/?page_id=1453"},"modified":"2025-12-09T19:41:11","modified_gmt":"2025-12-09T17:41:11","slug":"contact","status":"publish","type":"page","link":"https:\/\/ecowes.ro\/fr\/contact\/","title":{"rendered":"Contact"},"content":{"rendered":"<h2\n\t\t\t>Nous offrons des solutions de recyclage pour <br \/>tous types de batteries*<\/h2>\n<p>\t\t\t\t\t<a href=\"tel:+40%20123456789\" >CONTACTEZ-NOUS <\/a><br \/>\n\t\t\t\t\tCONTACTEZ-NOUS<\/p>\n<h1\n\t\t\t>Devenez partenaire ECOWES <\/h1>\n<p>Vous recherchez un partenaire fiable pour le recyclage des batteries ou l'achat de mati\u00e8res premi\u00e8res ? Contactez-nous en remplissant le formulaire.<\/p>\n<h4\n\t\t\t>Coordon\u00e9es<\/h4>\n<p>\t\t\t\t\tStr. Ana Ipatescu, Nr. 52Jilava, Ilfov<a href=\"mailto:office@ecowes.ro\">office@ecowes.ro<\/a><a href=\"tel:+40%20123456789\"><br \/>\n                        +40 790 720 051<br \/>\n                        <\/a><a href=\"tel:+40%20123456789\"\n                       ><br \/>\n                        <\/a><!-- \/.sc_icons --><br \/>\n\t\t\t\t\t<a target=\"_blank\" href=\"https:\/\/www.facebook.com\/profile.php?id=61574792310038\"><\/a><a target=\"_blank\" href=\"https:\/\/www.instagram.com\/ecowessrl\/%20\"><\/a><a target=\"_blank\" href=\"http:\/\/www.youtube.com\/@ECOWES-SRL\"><\/a><a target=\"_blank\" href=\"https:\/\/www.linkedin.com\/company\/108040133\/admin\/dashboard\/\"><\/a><br \/>\n\t\t\t\t\t\t\t\t\t\t\t\t\t\t\t<img fetchpriority=\"high\" decoding=\"async\" width=\"601\" height=\"1000\" src=\"https:\/\/ecowes.ro\/wp-content\/uploads\/2025\/07\/battery.png\" alt=\"\" srcset=\"https:\/\/ecowes.ro\/wp-content\/uploads\/2025\/07\/battery.png 601w, https:\/\/ecowes.ro\/wp-content\/uploads\/2025\/07\/battery-180x300.png 180w, https:\/\/ecowes.ro\/wp-content\/uploads\/2025\/07\/battery-370x616.png 370w, https:\/\/ecowes.ro\/wp-content\/uploads\/2025\/07\/battery-410x682.png 410w\" sizes=\"(max-width: 601px) 100vw, 601px\" \/><br \/>\n\t\t\t\t\t\t\t\t\tJ'ai besoin d'une solution de recyclage<br \/>\n\t\t\t\t\t\t\t\t\t\u00c0 la recherche de mat\u00e9riaux r\u00e9cup\u00e9r\u00e9s<br \/>\n\t\t\t\t\t\t\t\t\tJ'ai besoin d'une solution de recyclage<\/p>\n<style>.elementor-20461 .elementor-element.elementor-element-3146080 .trx_addons_bg_text{z-index:0;}.elementor-20461 .elementor-element.elementor-element-3146080 .trx_addons_bg_text.trx_addons_marquee_wrap:not(.trx_addons_marquee_reverse) .trx_addons_marquee_element{padding-right:50px;}.elementor-20461 .elementor-element.elementor-element-3146080 .trx_addons_bg_text.trx_addons_marquee_wrap.trx_addons_marquee_reverse .trx_addons_marquee_element{padding-left:50px;}<\/style>\n<section data-id=\"3146080\" data-element_type=\"section\">\n<p role=\"status\" aria-live=\"polite\" aria-atomic=\"true\">\n<ul><\/ul>\n<form action=\"\/wp-admin\/admin-ajax.php#wpcf7-f22421-o5\" method=\"post\" aria-label=\"Contact form\" novalidate=\"novalidate\" data-status=\"init\" data-trp-original-action=\"\/wp-admin\/admin-ajax.php#wpcf7-f22421-o5\">\n<fieldset><input type=\"hidden\" name=\"_wpcf7\" value=\"22421\" \/><input type=\"hidden\" name=\"_wpcf7_version\" value=\"6.1.1\" \/><input type=\"hidden\" name=\"_wpcf7_locale\" value=\"en_US\" \/><input type=\"hidden\" name=\"_wpcf7_unit_tag\" value=\"wpcf7-f22421-o5\" \/><input type=\"hidden\" name=\"_wpcf7_container_post\" value=\"0\" \/><input type=\"hidden\" name=\"_wpcf7_posted_data_hash\" value=\"\" \/><input type=\"hidden\" name=\"_wpcf7cf_hidden_group_fields\" value=\"[]\" \/><input type=\"hidden\" name=\"_wpcf7cf_hidden_groups\" value=\"[]\" \/><input type=\"hidden\" name=\"_wpcf7cf_visible_groups\" value=\"[]\" \/><input type=\"hidden\" name=\"_wpcf7cf_repeaters\" value=\"[]\" \/><input type=\"hidden\" name=\"_wpcf7cf_steps\" value=\"{}\" \/><input type=\"hidden\" name=\"_wpcf7cf_options\" value=\"{&quot;form_id&quot;:22421,&quot;conditions&quot;:[{&quot;then_field&quot;:&quot;baterii-alcaline-group&quot;,&quot;and_rules&quot;:[{&quot;if_field&quot;:&quot;checkbox-baterii-alcaline&quot;,&quot;operator&quot;:&quot;not empty&quot;,&quot;if_value&quot;:&quot;&quot;}]},{&quot;then_field&quot;:&quot;litiu-primar-group&quot;,&quot;and_rules&quot;:[{&quot;if_field&quot;:&quot;checkbox-litiu-primar&quot;,&quot;operator&quot;:&quot;not empty&quot;,&quot;if_value&quot;:&quot;&quot;}]},{&quot;then_field&quot;:&quot;ni-cd-group&quot;,&quot;and_rules&quot;:[{&quot;if_field&quot;:&quot;checkbox-ni-cd&quot;,&quot;operator&quot;:&quot;not empty&quot;,&quot;if_value&quot;:&quot;&quot;}]},{&quot;then_field&quot;:&quot;Li-Ion-group&quot;,&quot;and_rules&quot;:[{&quot;if_field&quot;:&quot;checkbox-Li-Ion&quot;,&quot;operator&quot;:&quot;not empty&quot;,&quot;if_value&quot;:&quot;&quot;}]}],&quot;settings&quot;:{&quot;animation&quot;:&quot;yes&quot;,&quot;animation_intime&quot;:200,&quot;animation_outtime&quot;:200,&quot;conditions_ui&quot;:&quot;normal&quot;,&quot;notice_dismissed&quot;:false}}\" \/><br \/>\n<\/fieldset>\n<p><input size=\"40\" maxlength=\"400\" aria-required=\"true\" aria-invalid=\"false\" placeholder=\"Nom\" value=\"\" type=\"text\" name=\"your-name\" \/>\n\t\t\t<\/p>\n<p><input size=\"40\" maxlength=\"400\" aria-required=\"true\" aria-invalid=\"false\" placeholder=\"Courriel\" value=\"\" type=\"email\" name=\"your-email\" \/>\n\t\t\t<\/p>\n<p><input size=\"40\" maxlength=\"400\" aria-required=\"true\" aria-invalid=\"false\" placeholder=\"T\u00e9l\u00e9phone\" value=\"\" type=\"tel\" name=\"phone\" \/>\n\t\t\t<\/p>\n<p><input size=\"40\" maxlength=\"400\" aria-required=\"true\" aria-invalid=\"false\" placeholder=\"Nom de l\u2019entreprise\" value=\"\" type=\"text\" name=\"subject\" \/>\n\t\t\t<\/p>\n<p><input size=\"40\" maxlength=\"400\" aria-invalid=\"false\" placeholder=\"Types de piles (Facultatif)\" value=\"\" type=\"text\" name=\"Tipuri-de-baterii\" \/>\n\t\t\t<\/p>\n<p><label><label><input type=\"checkbox\" name=\"checkbox-baterii-alcaline[]\" value=\"Alcaline\" \/>Alcalines<\/label><\/label>\n\t\t\t<\/p>\n<p><input size=\"40\" maxlength=\"400\" aria-invalid=\"false\" placeholder=\"Volume estim\u00e9 (Piles alcalines)\" value=\"\" type=\"text\" name=\"text-volum-baterii-alcaline\" \/>\n\t\t\t\t\t\t<\/p>\n<p><label><label><input type=\"checkbox\" name=\"checkbox-litiu-primar[]\" value=\"Litiu primar\" \/>Lithium primaires<\/label><\/label>\n\t\t\t<\/p>\n<p><input size=\"40\" maxlength=\"400\" aria-invalid=\"false\" placeholder=\"Volume estim\u00e9 (Lithium primaire)\" value=\"\" type=\"text\" name=\"text-volum-litiu-primar\" \/>\n\t\t\t\t\t\t<\/p>\n<p><label><label><input type=\"checkbox\" name=\"checkbox-ni-cd[]\" value=\"Ni-Cd\" \/>Ni-Cd<\/label><\/label>\n\t\t\t<\/p>\n<p><input size=\"40\" maxlength=\"400\" aria-invalid=\"false\" placeholder=\"Volume estim\u00e9 (Ni-Cd)\" value=\"\" type=\"text\" name=\"text-volum-ni-cd\" \/>\n\t\t\t\t\t\t<\/p>\n<p><label><label><input type=\"checkbox\" name=\"checkbox-Li-Ion[]\" value=\"Li-Ion\" \/>Li-Ion<\/label><\/label>\n\t\t\t<\/p>\n<p><input size=\"40\" maxlength=\"400\" aria-invalid=\"false\" placeholder=\"Volume estim\u00e9 (Li-Ion)\" value=\"\" type=\"text\" name=\"text-volum-Li-Ion\" \/>\n\t\t\t\t\t\t<\/p>\n<p><textarea cols=\"40\" rows=\"10\" maxlength=\"2000\" aria-required=\"true\" aria-invalid=\"false\" placeholder=\"Message\" name=\"your-message\"><\/textarea>\n\t\t\t<\/p>\n<p><input type=\"submit\" value=\"Envoyer le message\" \/><label><input type=\"checkbox\" name=\"acceptance\" value=\"1\" aria-invalid=\"false\" \/>J'accepte que mes donn\u00e9es soient <a href=\"\/fr\/privacy-policy\/\">collect\u00e9es et stock\u00e9es<\/a>.<\/label>\n\t<\/p>\n<input type=\"hidden\" name=\"trp-form-language\" value=\"fr\"\/><\/form>\n<\/section>\n<p>\t\t\t\t\t\t\t\t\t\u00c0 la recherche de mat\u00e9riaux r\u00e9cup\u00e9r\u00e9s<\/p>\n<style>.elementor-20465 .elementor-element.elementor-element-ef1dc64 .trx_addons_bg_text{z-index:0;}.elementor-20465 .elementor-element.elementor-element-ef1dc64 .trx_addons_bg_text.trx_addons_marquee_wrap:not(.trx_addons_marquee_reverse) .trx_addons_marquee_element{padding-right:50px;}.elementor-20465 .elementor-element.elementor-element-ef1dc64 .trx_addons_bg_text.trx_addons_marquee_wrap.trx_addons_marquee_reverse .trx_addons_marquee_element{padding-left:50px;}<\/style>\n<section data-id=\"ef1dc64\" data-element_type=\"section\">\n<p role=\"status\" aria-live=\"polite\" aria-atomic=\"true\">\n<ul><\/ul>\n<form action=\"\/wp-admin\/admin-ajax.php#wpcf7-f22422-o6\" method=\"post\" aria-label=\"Contact form\" novalidate=\"novalidate\" data-status=\"init\" data-trp-original-action=\"\/wp-admin\/admin-ajax.php#wpcf7-f22422-o6\">\n<fieldset><input type=\"hidden\" name=\"_wpcf7\" value=\"22422\" \/><input type=\"hidden\" name=\"_wpcf7_version\" value=\"6.1.1\" \/><input type=\"hidden\" name=\"_wpcf7_locale\" value=\"en_US\" \/><input type=\"hidden\" name=\"_wpcf7_unit_tag\" value=\"wpcf7-f22422-o6\" \/><input type=\"hidden\" name=\"_wpcf7_container_post\" value=\"0\" \/><input type=\"hidden\" name=\"_wpcf7_posted_data_hash\" value=\"\" \/><input type=\"hidden\" name=\"_wpcf7cf_hidden_group_fields\" value=\"[]\" \/><input type=\"hidden\" name=\"_wpcf7cf_hidden_groups\" value=\"[]\" \/><input type=\"hidden\" name=\"_wpcf7cf_visible_groups\" value=\"[]\" \/><input type=\"hidden\" name=\"_wpcf7cf_repeaters\" value=\"[]\" \/><input type=\"hidden\" name=\"_wpcf7cf_steps\" value=\"{}\" \/><input type=\"hidden\" name=\"_wpcf7cf_options\" value=\"{&quot;form_id&quot;:22422,&quot;conditions&quot;:[{&quot;then_field&quot;:&quot;masa-neagra-group&quot;,&quot;and_rules&quot;:[{&quot;if_field&quot;:&quot;checkbox-masa-neagra&quot;,&quot;operator&quot;:&quot;not empty&quot;,&quot;if_value&quot;:&quot;&quot;}]},{&quot;then_field&quot;:&quot;litiu-primar-group&quot;,&quot;and_rules&quot;:[{&quot;if_field&quot;:&quot;checkbox-litiu-primar&quot;,&quot;operator&quot;:&quot;not empty&quot;,&quot;if_value&quot;:&quot;&quot;}]},{&quot;then_field&quot;:&quot;ni-cd-group&quot;,&quot;and_rules&quot;:[{&quot;if_field&quot;:&quot;checkbox-ni-cd&quot;,&quot;operator&quot;:&quot;not empty&quot;,&quot;if_value&quot;:&quot;&quot;}]},{&quot;then_field&quot;:&quot;alcaline-group&quot;,&quot;and_rules&quot;:[{&quot;if_field&quot;:&quot;checkbox-alcaline&quot;,&quot;operator&quot;:&quot;not empty&quot;,&quot;if_value&quot;:&quot;&quot;}]}],&quot;settings&quot;:{&quot;animation&quot;:&quot;yes&quot;,&quot;animation_intime&quot;:200,&quot;animation_outtime&quot;:200,&quot;conditions_ui&quot;:&quot;normal&quot;,&quot;notice_dismissed&quot;:false}}\" \/><br \/>\n<\/fieldset>\n<p><input size=\"40\" maxlength=\"400\" aria-required=\"true\" aria-invalid=\"false\" placeholder=\"Nom\" value=\"\" type=\"text\" name=\"your-name\" \/>\n\t\t\t<\/p>\n<p><input size=\"40\" maxlength=\"400\" aria-required=\"true\" aria-invalid=\"false\" placeholder=\"Courriel\" value=\"\" type=\"email\" name=\"your-email\" \/>\n\t\t\t<\/p>\n<p><input size=\"40\" maxlength=\"400\" aria-required=\"true\" aria-invalid=\"false\" placeholder=\"T\u00e9l\u00e9phone\" value=\"\" type=\"tel\" name=\"phone\" \/>\n\t\t\t<\/p>\n<p><input size=\"40\" maxlength=\"400\" aria-required=\"true\" aria-invalid=\"false\" placeholder=\"Nom de l\u2019entreprise\" value=\"\" type=\"text\" name=\"subject\" \/>\n\t\t\t<\/p>\n<p><input size=\"40\" maxlength=\"400\" aria-invalid=\"false\" placeholder=\"Mat\u00e9riau souhait\u00e9 (facultatif)\" value=\"\" type=\"text\" name=\"Tipuri-de-baterii\" \/>\n\t\t\t<\/p>\n<p><label><label><input type=\"checkbox\" name=\"checkbox-masa-neagra[]\" value=\"Masa Neagra\" \/>Masse noire<\/label><\/label>\n\t\t\t<\/p>\n<p><input size=\"40\" maxlength=\"400\" aria-invalid=\"false\" placeholder=\"Volume estim\u00e9 (Masse noire)\" value=\"\" type=\"text\" name=\"text-volum-masa-neagra\" \/>\n\t\t\t\t\t\t<\/p>\n<p><label><label><input type=\"checkbox\" name=\"checkbox-litiu-primar[]\" value=\"Electrolit\" \/>\u00c9lectrolyte<\/label><\/label>\n\t\t\t<\/p>\n<p><input size=\"40\" maxlength=\"400\" aria-invalid=\"false\" placeholder=\"Volume estim\u00e9 (\u00c9lectrolyte)\" value=\"\" type=\"text\" name=\"text-volum-litiu-primar\" \/>\n\t\t\t\t\t\t<\/p>\n<p><label><label><input type=\"checkbox\" name=\"checkbox-ni-cd[]\" value=\"Cupru\" \/>Cuivre<\/label><\/label>\n\t\t\t<\/p>\n<p><input size=\"40\" maxlength=\"400\" aria-invalid=\"false\" placeholder=\"Volume estim\u00e9 (Cuivre)\" value=\"\" type=\"text\" name=\"text-volum-ni-cd\" \/>\n\t\t\t\t\t\t<\/p>\n<p><label><label><input type=\"checkbox\" name=\"checkbox-alcaline[]\" value=\"Aluminiu\" \/>Aluminium<\/label><\/label>\n\t\t\t<\/p>\n<p><input size=\"40\" maxlength=\"400\" aria-invalid=\"false\" placeholder=\"Volume estim\u00e9 (Aluminium)\" value=\"\" type=\"text\" name=\"text-volum-alcaline\" \/>\n\t\t\t\t\t\t<\/p>\n<p><textarea cols=\"40\" rows=\"10\" maxlength=\"2000\" aria-required=\"true\" aria-invalid=\"false\" placeholder=\"Message\" name=\"your-message\"><\/textarea>\n\t\t\t<\/p>\n<p><input type=\"submit\" value=\"Envoyer le message\" \/><label><input type=\"checkbox\" name=\"acceptance\" value=\"1\" aria-invalid=\"false\" \/>J'accepte que mes donn\u00e9es soient <a href=\"\/fr\/privacy-policy\/\">collect\u00e9es et stock\u00e9es<\/a>.<\/label>\n\t<\/p>\n<input type=\"hidden\" name=\"trp-form-language\" value=\"fr\"\/><\/form>\n<\/section>\n<p>\t\t\t<iframe loading=\"lazy\"\n\t\t\t\t\tsrc=\"https:\/\/maps.google.com\/maps?q=Str.%20Ana%20Ip%C4%83tescu%2052%2C%20Jilava&#038;t=m&#038;z=15&#038;output=embed&#038;iwloc=near\"\n\t\t\t\t\ttitle=\"Str. Ana Ip\u0103tescu 52, Jilava\"\n\t\t\t\t\taria-label=\"Str. Ana Ip\u0103tescu 52, Jilava\"\n\t\t\t><\/iframe><\/p>","protected":false},"excerpt":{"rendered":"<p>Oferim solutii de reciclare pentru toate tipurile de baterii* Contacteaza-ne Contacteaza-ne Devino Partener ECOWES Va doriti un partener de incredere in reciclarea bateriilor sau achizitia materiilor prime? Scrieti-ne prin formularul&hellip;<\/p>","protected":false},"author":1,"featured_media":0,"parent":0,"menu_order":0,"comment_status":"closed","ping_status":"closed","template":"","meta":{"footnotes":""},"class_list":["post-1453","page","type-page","status-publish","hentry"],"yoast_head":"<!-- This site is optimized with the Yoast SEO plugin v25.9 - https:\/\/yoast.com\/wordpress\/plugins\/seo\/ -->\n<title>Contact Ecowes - Ecowes<\/title>\n<meta name=\"description\" content=\"Contacteaza echipa Ecowes pentru informatii si solutii privind reciclarea bateriilor. Suntem aici pentru a raspunde intrebarilor tale si a te ajuta.\" \/>\n<meta name=\"robots\" content=\"index, follow, max-snippet:-1, max-image-preview:large, max-video-preview:-1\" \/>\n<link rel=\"canonical\" href=\"https:\/\/ecowes.ro\/fr\/contact\/\" \/>\n<meta property=\"og:locale\" content=\"fr_FR\" \/>\n<meta property=\"og:type\" content=\"article\" \/>\n<meta property=\"og:title\" content=\"Contact Ecowes - Ecowes\" \/>\n<meta property=\"og:description\" content=\"Contacteaza echipa Ecowes pentru informatii si solutii privind reciclarea bateriilor. Suntem aici pentru a raspunde intrebarilor tale si a te ajuta.\" \/>\n<meta property=\"og:url\" content=\"https:\/\/ecowes.ro\/fr\/contact\/\" \/>\n<meta property=\"og:site_name\" content=\"Ecowes\" \/>\n<meta property=\"article:modified_time\" content=\"2025-12-09T17:41:11+00:00\" \/>\n<meta property=\"og:image\" content=\"https:\/\/ecowes.ro\/wp-content\/uploads\/2025\/07\/battery.png\" \/>\n<meta name=\"twitter:card\" content=\"summary_large_image\" \/>\n<meta name=\"twitter:label1\" content=\"Dur\u00e9e de lecture estim\u00e9e\" \/>\n\t<meta name=\"twitter:data1\" content=\"1 minute\" \/>\n<script type=\"application\/ld+json\" class=\"yoast-schema-graph\">{\"@context\":\"https:\/\/schema.org\",\"@graph\":[{\"@type\":\"WebPage\",\"@id\":\"https:\/\/ecowes.ro\/contact\/\",\"url\":\"https:\/\/ecowes.ro\/contact\/\",\"name\":\"Contact Ecowes - Ecowes\",\"isPartOf\":{\"@id\":\"https:\/\/ecowes.ro\/#website\"},\"primaryImageOfPage\":{\"@id\":\"https:\/\/ecowes.ro\/contact\/#primaryimage\"},\"image\":{\"@id\":\"https:\/\/ecowes.ro\/contact\/#primaryimage\"},\"thumbnailUrl\":\"https:\/\/ecowes.ro\/wp-content\/uploads\/2025\/07\/battery.png\",\"datePublished\":\"2021-04-01T11:12:41+00:00\",\"dateModified\":\"2025-12-09T17:41:11+00:00\",\"description\":\"Contacteaza echipa Ecowes pentru informatii si solutii privind reciclarea bateriilor. Suntem aici pentru a raspunde intrebarilor tale si a te ajuta.\",\"breadcrumb\":{\"@id\":\"https:\/\/ecowes.ro\/contact\/#breadcrumb\"},\"inLanguage\":\"fr-FR\",\"potentialAction\":[{\"@type\":\"ReadAction\",\"target\":[\"https:\/\/ecowes.ro\/contact\/\"]}]},{\"@type\":\"ImageObject\",\"inLanguage\":\"fr-FR\",\"@id\":\"https:\/\/ecowes.ro\/contact\/#primaryimage\",\"url\":\"https:\/\/ecowes.ro\/wp-content\/uploads\/2025\/07\/battery.png\",\"contentUrl\":\"https:\/\/ecowes.ro\/wp-content\/uploads\/2025\/07\/battery.png\"},{\"@type\":\"BreadcrumbList\",\"@id\":\"https:\/\/ecowes.ro\/contact\/#breadcrumb\",\"itemListElement\":[{\"@type\":\"ListItem\",\"position\":1,\"name\":\"Prima pagin\u0103\",\"item\":\"https:\/\/ecowes.ro\/\"},{\"@type\":\"ListItem\",\"position\":2,\"name\":\"Contact\"}]},{\"@type\":\"WebSite\",\"@id\":\"https:\/\/ecowes.ro\/#website\",\"url\":\"https:\/\/ecowes.ro\/\",\"name\":\"Ecowes\",\"description\":\"Solu\u021bii de reciclare sustenabil\u0103, eficient\u0103 \u0219i scalabil\u0103 a tuturor tipologiilor de baterii.\",\"publisher\":{\"@id\":\"https:\/\/ecowes.ro\/#organization\"},\"potentialAction\":[{\"@type\":\"SearchAction\",\"target\":{\"@type\":\"EntryPoint\",\"urlTemplate\":\"https:\/\/ecowes.ro\/?s={search_term_string}\"},\"query-input\":{\"@type\":\"PropertyValueSpecification\",\"valueRequired\":true,\"valueName\":\"search_term_string\"}}],\"inLanguage\":\"fr-FR\"},{\"@type\":\"Organization\",\"@id\":\"https:\/\/ecowes.ro\/#organization\",\"name\":\"Ecowes\",\"url\":\"https:\/\/ecowes.ro\/\",\"logo\":{\"@type\":\"ImageObject\",\"inLanguage\":\"fr-FR\",\"@id\":\"https:\/\/ecowes.ro\/#\/schema\/logo\/image\/\",\"url\":\"https:\/\/ecowes.ro\/wp-content\/uploads\/2025\/08\/Logo-ECOWES-01-6.png\",\"contentUrl\":\"https:\/\/ecowes.ro\/wp-content\/uploads\/2025\/08\/Logo-ECOWES-01-6.png\",\"width\":2363,\"height\":912,\"caption\":\"Ecowes\"},\"image\":{\"@id\":\"https:\/\/ecowes.ro\/#\/schema\/logo\/image\/\"}}]}<\/script>\n<!-- \/ Yoast SEO plugin. -->","yoast_head_json":{"title":"Contact Ecowes - Ecowes","description":"Contacteaza echipa Ecowes pentru informatii si solutii privind reciclarea bateriilor. Suntem aici pentru a raspunde intrebarilor tale si a te ajuta.","robots":{"index":"index","follow":"follow","max-snippet":"max-snippet:-1","max-image-preview":"max-image-preview:large","max-video-preview":"max-video-preview:-1"},"canonical":"https:\/\/ecowes.ro\/fr\/contact\/","og_locale":"fr_FR","og_type":"article","og_title":"Contact Ecowes - Ecowes","og_description":"Contacteaza echipa Ecowes pentru informatii si solutii privind reciclarea bateriilor. Suntem aici pentru a raspunde intrebarilor tale si a te ajuta.","og_url":"https:\/\/ecowes.ro\/fr\/contact\/","og_site_name":"Ecowes","article_modified_time":"2025-12-09T17:41:11+00:00","og_image":[{"url":"https:\/\/ecowes.ro\/wp-content\/uploads\/2025\/07\/battery.png","type":"","width":"","height":""}],"twitter_card":"summary_large_image","twitter_misc":{"Dur\u00e9e de lecture estim\u00e9e":"1 minute"},"schema":{"@context":"https:\/\/schema.org","@graph":[{"@type":"WebPage","@id":"https:\/\/ecowes.ro\/contact\/","url":"https:\/\/ecowes.ro\/contact\/","name":"Contact Ecowes - Ecowes","isPartOf":{"@id":"https:\/\/ecowes.ro\/#website"},"primaryImageOfPage":{"@id":"https:\/\/ecowes.ro\/contact\/#primaryimage"},"image":{"@id":"https:\/\/ecowes.ro\/contact\/#primaryimage"},"thumbnailUrl":"https:\/\/ecowes.ro\/wp-content\/uploads\/2025\/07\/battery.png","datePublished":"2021-04-01T11:12:41+00:00","dateModified":"2025-12-09T17:41:11+00:00","description":"Contacteaza echipa Ecowes pentru informatii si solutii privind reciclarea bateriilor. Suntem aici pentru a raspunde intrebarilor tale si a te ajuta.","breadcrumb":{"@id":"https:\/\/ecowes.ro\/contact\/#breadcrumb"},"inLanguage":"fr-FR","potentialAction":[{"@type":"ReadAction","target":["https:\/\/ecowes.ro\/contact\/"]}]},{"@type":"ImageObject","inLanguage":"fr-FR","@id":"https:\/\/ecowes.ro\/contact\/#primaryimage","url":"https:\/\/ecowes.ro\/wp-content\/uploads\/2025\/07\/battery.png","contentUrl":"https:\/\/ecowes.ro\/wp-content\/uploads\/2025\/07\/battery.png"},{"@type":"BreadcrumbList","@id":"https:\/\/ecowes.ro\/contact\/#breadcrumb","itemListElement":[{"@type":"ListItem","position":1,"name":"Prima pagin\u0103","item":"https:\/\/ecowes.ro\/"},{"@type":"ListItem","position":2,"name":"Contact"}]},{"@type":"WebSite","@id":"https:\/\/ecowes.ro\/#website","url":"https:\/\/ecowes.ro\/","name":"Ecowes","description":"Solu\u021bii de reciclare sustenabil\u0103, eficient\u0103 \u0219i scalabil\u0103 a tuturor tipologiilor de baterii.","publisher":{"@id":"https:\/\/ecowes.ro\/#organization"},"potentialAction":[{"@type":"SearchAction","target":{"@type":"EntryPoint","urlTemplate":"https:\/\/ecowes.ro\/?s={search_term_string}"},"query-input":{"@type":"PropertyValueSpecification","valueRequired":true,"valueName":"search_term_string"}}],"inLanguage":"fr-FR"},{"@type":"Organization","@id":"https:\/\/ecowes.ro\/#organization","name":"Ecowes","url":"https:\/\/ecowes.ro\/","logo":{"@type":"ImageObject","inLanguage":"fr-FR","@id":"https:\/\/ecowes.ro\/#\/schema\/logo\/image\/","url":"https:\/\/ecowes.ro\/wp-content\/uploads\/2025\/08\/Logo-ECOWES-01-6.png","contentUrl":"https:\/\/ecowes.ro\/wp-content\/uploads\/2025\/08\/Logo-ECOWES-01-6.png","width":2363,"height":912,"caption":"Ecowes"},"image":{"@id":"https:\/\/ecowes.ro\/#\/schema\/logo\/image\/"}}]}},"_links":{"self":[{"href":"https:\/\/ecowes.ro\/fr\/wp-json\/wp\/v2\/pages\/1453","targetHints":{"allow":["GET"]}}],"collection":[{"href":"https:\/\/ecowes.ro\/fr\/wp-json\/wp\/v2\/pages"}],"about":[{"href":"https:\/\/ecowes.ro\/fr\/wp-json\/wp\/v2\/types\/page"}],"author":[{"embeddable":true,"href":"https:\/\/ecowes.ro\/fr\/wp-json\/wp\/v2\/users\/1"}],"replies":[{"embeddable":true,"href":"https:\/\/ecowes.ro\/fr\/wp-json\/wp\/v2\/comments?post=1453"}],"version-history":[{"count":232,"href":"https:\/\/ecowes.ro\/fr\/wp-json\/wp\/v2\/pages\/1453\/revisions"}],"predecessor-version":[{"id":25014,"href":"https:\/\/ecowes.ro\/fr\/wp-json\/wp\/v2\/pages\/1453\/revisions\/25014"}],"wp:attachment":[{"href":"https:\/\/ecowes.ro\/fr\/wp-json\/wp\/v2\/media?parent=1453"}],"curies":[{"name":"wp","href":"https:\/\/api.w.org\/{rel}","templated":true}]}}